{"id":1413,"date":"2018-05-25T11:18:47","date_gmt":"2018-05-25T09:18:47","guid":{"rendered":"https:\/\/www.lectures-de-ma-l.fr\/?page_id=1413"},"modified":"2021-11-01T15:45:13","modified_gmt":"2021-11-01T14:45:13","slug":"politique-de-confidentialite","status":"publish","type":"page","link":"https:\/\/sensationslivres.com\/fr_fr\/politique-de-confidentialite\/","title":{"rendered":"Politique de confidentialit\u00e9"},"content":{"rendered":"<h2>Qui suis-je ?<\/h2>\n<p>Je suis Magali Laguillaumie, auteure et r\u00e9dactrice Web.<\/p>\n<p>Il me semble important, quel que soit le site o\u00f9 nous naviguons que la protection de vos donn\u00e9es soient en accord avec la loi, et surtout que vos donn\u00e9es soient prot\u00e9g\u00e9es, tout comme les miennes, au maximum.<\/p>\n<p>L\u2019adresse de mon site Web est : https:\/\/sensationslivres.com.<\/p>\n<p>H\u00e9berg\u00e9 chez : O2Switch<\/p>\n<p>222-224 Boulevard Gustave Flaubert<br \/>\n63000 Clermont-Ferrand<\/p>\n<p>Pour des informations suppl\u00e9mentaires, veuillez consulter la <a href=\"https:\/\/sensationslivres.com\/mentions-legales\/\" target=\"_blank\" rel=\"noopener\">page des mentions l\u00e9gales <\/a>de https:\/\/sensationslivres.com.<\/p>\n<h2>Utilisation des donn\u00e9es personnelles collect\u00e9es<\/h2>\n<h3>Contact<\/h3>\n<p>Je collecte votre nom et votre pr\u00e9nom uniquement \u00e0 des fins d&rsquo;\u00e9changes sur le site soit par la page contact, soit pour les commentaires.<\/p>\n<h3>Commentaires<\/h3>\n<p>Quand vous laissez un commentaire sur notre site web, les donn\u00e9es inscrites dans le formulaire de commentaire, mais aussi votre adresse IP et l\u2019agent utilisateur de votre navigateur sont collect\u00e9s pour nous aider \u00e0 la d\u00e9tection des commentaires ind\u00e9sirables.<\/p>\n<p>Une cha\u00eene anonymis\u00e9e cr\u00e9\u00e9e \u00e0 partir de votre adresse de messagerie (\u00e9galement appel\u00e9e hash) peut \u00eatre envoy\u00e9e au service Gravatar pour v\u00e9rifier si vous utilisez ce dernier. Les clauses de confidentialit\u00e9 du service Gravatar sont disponibles ici\u00a0: <a href=\"https:\/\/automattic.com\/privacy\/\" target=\"_blank\" rel=\"noopener\">https:\/\/automattic.com\/privacy\/<\/a>. Apr\u00e8s validation de votre commentaire, votre photo de profil sera visible publiquement \u00e0 cot\u00e9 de votre commentaire.<\/p>\n<h3>M\u00e9dias<\/h3>\n<p>Si vous \u00eates un utilisateur ou une utilisatrice enregistr\u00e9 .e et que vous t\u00e9l\u00e9versez des images sur le site web, nous vous conseillons d\u2019\u00e9viter de t\u00e9l\u00e9verser des images contenant des donn\u00e9es EXIF de coordonn\u00e9es GPS. Les visiteurs de votre site web peuvent t\u00e9l\u00e9charger et extraire des donn\u00e9es de localisation depuis ces images.<\/p>\n<h3>Formulaires de contact<\/h3>\n<p>Formidable Forms est le formulaire de contact utiliser sur ce site. Il sert uniquement \u00e0 nos \u00e9changes dans le cadre de SensationsLivres.<\/p>\n<h3>Cookies<\/h3>\n<p>Si vous d\u00e9posez un commentaire sur notre site, il vous sera propos\u00e9 d\u2019enregistrer votre nom, adresse de messagerie et site web dans des cookies. C\u2019est uniquement pour votre confort afin de ne pas avoir \u00e0 saisir ces informations si vous d\u00e9posez un autre commentaire plus tard. Ces cookies expirent au bout d\u2019un an.<\/p>\n<p>Si vous avez un compte et que vous vous connectez sur ce site, un cookie temporaire sera cr\u00e9\u00e9 afin de d\u00e9terminer si votre navigateur accepte les cookies. Il ne contient pas de donn\u00e9es personnelles et sera supprim\u00e9 automatiquement \u00e0 la fermeture de votre navigateur.<\/p>\n<p>Lorsque vous vous connecterez, nous mettrons en place un certain nombre de cookies pour enregistrer vos informations de connexion et vos pr\u00e9f\u00e9rences d\u2019\u00e9cran. La dur\u00e9e de vie d\u2019un cookie de connexion est de deux jours, celle d\u2019un cookie d\u2019option d\u2019\u00e9cran est d\u2019un an. Si vous cochez \u00ab\u00a0Se souvenir de moi\u00a0\u00bb, votre cookie de connexion sera conserv\u00e9 pendant deux semaines. Si vous vous d\u00e9connectez de votre compte, le cookie de connexion sera effac\u00e9.<\/p>\n<p>En modifiant ou en publiant un article, un cookie suppl\u00e9mentaire sera enregistr\u00e9 dans votre navigateur. Ce cookie ne comprend aucune donn\u00e9e personnelle. Il indique simplement l\u2019identifiant de l\u2019article que vous venez de modifier. Il expire au bout d\u2019un jour.<\/p>\n<h3>Cookies n\u00e9cessaires au fonctionnement du site :<\/h3>\n<p>O2Switch : c&rsquo;est l&rsquo;h\u00e9bergeur, sans lui, point d&rsquo;acc\u00e8s au site. O2Switch est tr\u00e8s \u00e0 cheval sur la s\u00e9curit\u00e9 et la protection des donn\u00e9es. Vous pouvez retrouver <a href=\"https:\/\/www.o2switch.fr\/du-rgpd.pdf\" target=\"_blank\" rel=\"noopener\">ici leur propre politique de confidentialit\u00e9<\/a>.<\/p>\n<p>WordPress n&rsquo;a \u00e0 ce jour, pas de formulaire natif pour nous permettre d&rsquo;\u00e9changer. J&rsquo;utilise l&rsquo;extension Contact Form 7 .<\/p>\n<p>Antispam Bee : Ce cookie permet de limiter les inscriptions d&rsquo;ind\u00e9sirables et de prot\u00e9ger \u00e9galement le site lectures-de-ma-l.fr contre les intrusions malveillantes et le spam. Il fait partie des outils de s\u00e9curit\u00e9. \u00ab\u00a0Nous r\u00e9coltons des informations sur les visiteurs qui commentent sur les sites utilisant Antispam Bee, notre service contre les ind\u00e9sirables. Ces informations r\u00e9colt\u00e9es d\u00e9pendent des r\u00e9glages <a href=\"https:\/\/pluginkollektiv.org\/privacy-policy\/\" target=\"_blank\" rel=\"noopener\">Antispam Bee<\/a> effectu\u00e9s par l\u2019utilisateur sur le site, et incluent g\u00e9n\u00e9ralement l\u2019adresse IP des commentateurs, l\u2019agent utilisateur, le r\u00e9f\u00e9rent et l\u2019URL du site (ainsi que d\u2019autres informations fournies directement par le commentateur comme leur nom, nom d\u2019utilisateur, adresse e-mail et leur commentaire)\u00a0\u00bb.<\/p>\n<h3>Cookies Tiers :<\/h3>\n<p>Rank Math me permet de mettre en place un travail de r\u00e9f\u00e9rencement sur mes textes afin d&rsquo;am\u00e9liorer ces derniers pour vous et de positionner mon site correctement pour Google.\u00a0 Rank math n&rsquo;utilise pas vos donn\u00e9es seulement les donn\u00e9es de mon site \u00ab\u00a0Depuis le 25 mai 2018, les citoyens de l&rsquo;UE ont plus de contr\u00f4le sur les donn\u00e9es que les entreprises stockent et traitent \u00e0 leur sujet gr\u00e2ce au GDPR.<\/p>\n<p>Je n&rsquo;utilise pas de services d&rsquo;analyse des comportements des internautes sur ce site tel que Google Analytics, Piwik.<\/p>\n<p>Nous r\u00e9coltons des informations sur les visiteurs qui commentent sur les sites utilisant Antispam Bee, notre service contre les ind\u00e9sirables. Ces informations r\u00e9colt\u00e9es d\u00e9pendent des r\u00e9glages Antispam Bee effectu\u00e9s par l\u2019utilisateur sur le site, et incluent g\u00e9n\u00e9ralement l\u2019adresse IP des commentateurs, l\u2019agent utilisateur, le r\u00e9f\u00e9rent et l\u2019URL du site (ainsi que d\u2019autres informations fournies directement par le commentateur comme leur nom, identifiant, adresse e-mail et leur commentaire).<\/p>\n<p>Vous avez la possibilit\u00e9 de d\u00e9sactiver les cookies en vous rendant dans les options de votre navigateur. Cliquez sur le lien correspondant \u00e0 votre navigateur pour d\u00e9couvrir comment faire :<\/p>\n<p><a href=\"https:\/\/support.google.com\/chrome\/answer\/95647?hl=fr\" target=\"_blank\" rel=\"noopener\">Google Chrome<\/a><\/p>\n<p><a href=\"https:\/\/support.mozilla.org\/fr\/kb\/activer-desactiver-cookies-preferences?redirectlocale=fr&amp;redirectslug=activer-desactiver-cookies\" target=\"_blank\" rel=\"noopener\">Mozilla Firefox<\/a><\/p>\n<p><a href=\"https:\/\/support.apple.com\/kb\/PH17191?viewlocale=fr_FR&amp;locale=en_US\" target=\"_blank\" rel=\"noopener\">Safari<\/a><\/p>\n<p><a href=\"http:\/\/help.opera.com\/Windows\/10.20\/fr\/cookies.html\" target=\"_blank\" rel=\"noopener\">Opera<\/a><\/p>\n<p><a href=\"https:\/\/support.microsoft.com\/fr-fr\/help\/17442\/windows-internet-explorer-delete-manage-cookies#ie=ie-11\" target=\"_blank\" rel=\"noopener\">Internet Explorer<\/a><\/p>\n<h2><\/h2>\n<h3>Contenu embarqu\u00e9 depuis d\u2019autres sites<\/h3>\n<p>Les articles de ce site peuvent inclure des contenus int\u00e9gr\u00e9s (par exemple des vid\u00e9os, images, articles\u2026). Le contenu int\u00e9gr\u00e9 depuis d\u2019autres sites se comporte de la m\u00eame mani\u00e8re que si le visiteur se rendait sur cet autre site.<\/p>\n<p>Ces sites web pourraient collecter des donn\u00e9es sur vous, utiliser des cookies, embarquer des outils de suivis tiers, suivre vos interactions avec ces contenus embarqu\u00e9s si vous disposez d\u2019un compte connect\u00e9 sur leur site web.<\/p>\n<h3>Statistiques et mesures d\u2019audience<\/h3>\n<p>J&rsquo;ai personnellement retir\u00e9 tous les cookies de statistiques et de mesures d&rsquo;audience afin qu&rsquo;aucune de vos donn\u00e9es ne puissent \u00eatre collect\u00e9es sans votre consentement et sans le mien. Dans le cas ou je les mettrais en place de nouveau, un email vous sera envoy\u00e9 pour recueillir de nouveau votre consentement et le bandeau d&rsquo;acceptation des cookies sera remis \u00e0 jour sur le site, afin de concr\u00e9tiser votre accord.<\/p>\n<h2>Utilisation et transmission de vos donn\u00e9es personnelles<\/h2>\n<p>https:\/\/sensationslivres.com ne vend, ni ne transmet vos donn\u00e9es personnelles \u00e0 des tiers.<\/p>\n<p>Vos donn\u00e9es sont utilis\u00e9es pour vous permettre de vous inscrire sur le site et pour commenter les chroniques et uniquement pour cela.<\/p>\n<h2>Dur\u00e9es de stockage de vos donn\u00e9es<\/h2>\n<p>Si vous laissez un commentaire, le commentaire et ses m\u00e9tadonn\u00e9es sont conserv\u00e9s ind\u00e9finiment. Cela permet de reconna\u00eetre et approuver automatiquement les commentaires suivants au lieu de les laisser dans la file de mod\u00e9ration. Vous pouvez demandez la suppression de ces derni\u00e8res \u00e0 l&rsquo;adresse : magali.laguillaumie@gmail.com. Merci de pr\u00e9ciser dans le titre de votre message votre demande. Leur suppression sera effective dans le courant d&rsquo;un mois maximum.<\/p>\n<p>Pour les utilisateurs et utilisatrices qui s\u2019enregistrent sur notre site (si cela est possible), nous stockons \u00e9galement les donn\u00e9es personnelles indiqu\u00e9es dans leur profil. Tous les utilisateurs et utilisatrices peuvent voir, modifier ou supprimer leurs informations personnelles \u00e0 tout moment (\u00e0 l\u2019exception de leur nom d\u2019utilisateur\u00b7ice). Les gestionnaires du site peuvent aussi voir et modifier ces informations.<\/p>\n<h2>Les droits que vous avez sur vos donn\u00e9es<\/h2>\n<p>Si vous avez un compte ou si vous avez laiss\u00e9 des commentaires sur le site, vous pouvez demander \u00e0 recevoir un fichier contenant toutes les donn\u00e9es personnelles que nous poss\u00e9dons \u00e0 votre sujet, incluant celles que vous nous avez fournies. Vous pouvez \u00e9galement demander la suppression des donn\u00e9es personnelles vous concernant. Cela ne prend pas en compte les donn\u00e9es stock\u00e9es \u00e0 des fins administratives, l\u00e9gales ou pour des raisons de s\u00e9curit\u00e9.<\/p>\n<h2>Transmission de vos donn\u00e9es personnelles<\/h2>\n<p>Les commentaires des visiteurs peuvent \u00eatre v\u00e9rifi\u00e9s \u00e0 l\u2019aide d\u2019un service automatis\u00e9 de d\u00e9tection des commentaires ind\u00e9sirables. Cet outil permet de s\u00e9curiser le site.<\/p>\n<h2>Informations de contact<\/h2>\n<p>Pour toutes demandes, contactez magali.laguillaumie@gmail.com en pr\u00e9cisant l&rsquo;objet :<\/p>\n<ul>\n<li>Droit d&rsquo;opposition et de retrait ;<\/li>\n<li>Droit d&rsquo;acc\u00e8s et de rectification ;<\/li>\n<li>Export de vos donn\u00e9es personnelles ou portabilit\u00e9.<\/li>\n<\/ul>\n<p>Un email de confirmation vous sera renvoy\u00e9 avant de supprimer, retirer, rectifier vos donn\u00e9es.<\/p>\n<p>Pour toutes demandes d&rsquo;exports de donn\u00e9es personnelles ou portabilit\u00e9, une pi\u00e8ce d&rsquo;identit\u00e9 est requise. Une copie de la CNI, que je d\u00e9truirais d\u00e8s l&rsquo;activation de votre demande, est exig\u00e9e.<\/p>\n<p>J&rsquo;ai de 7 jours \u00e0 un mois pour acc\u00e9der \u00e0 votre demande. Merci de patienter, je m&rsquo;acquitte de votre demande aussi vite que possible.<\/p>\n<h2>Informations suppl\u00e9mentaires<\/h2>\n<h3>Comment nous prot\u00e9geons vos donn\u00e9es<\/h3>\n<p>J&rsquo;utilise tous les moyens mis \u00e0 ma disposition pour prot\u00e9ger vos donn\u00e9es. Toutefois,\u00a0aucun service en ligne n&rsquo;est s\u00e9curis\u00e9 \u00e0 100%, j&rsquo;utilise tout moyen \u00e0 ma disposition pour prot\u00e9ger les informations vous concernant contre tout acc\u00e8s, utilisation, alt\u00e9ration ou destruction non autoris\u00e9s et prends des mesures raisonnables pour le faire, par exemple surveiller mon site pour les vuln\u00e9rabilit\u00e9s et les attaques potentielles.<\/p>\n<p>Pour am\u00e9liorer la s\u00e9curit\u00e9 de vos donn\u00e9es, je vous encourage \u00e0 accepter l&rsquo;utilisation de mots de passe forts tels qu&rsquo;indiqu\u00e9 lors de votre inscription.<\/p>\n<p>Les renseignements personnels que je collecte sont conserv\u00e9s dans un environnement s\u00e9curis\u00e9.<br \/>\nPour assurer la s\u00e9curit\u00e9 de vos renseignements personnels, j&rsquo;ai recours aux mesures suivantes :<\/p>\n<ul>\n<li>Gestion des acc\u00e8s &#8211; personne autoris\u00e9e<\/li>\n<li>Identifiant \/ mot de passe fort<\/li>\n<li>Https<\/li>\n<li>Utilisation de la version gratuite de SecuPress car ce site ne g\u00e9n\u00e8re aucun revenu passif ou actif.<\/li>\n<\/ul>\n<p>Je m&rsquo;engage \u00e0 maintenir un haut degr\u00e9 de confidentialit\u00e9 en int\u00e9grant les derni\u00e8res innovations technologiques permettant d&rsquo;assurer la confidentialit\u00e9 de vos donn\u00e9es. Toutefois, comme aucun m\u00e9canisme n&rsquo;offre une s\u00e9curit\u00e9 maximale, une part de risque est toujours pr\u00e9sente lorsque l&rsquo;on utilise Internet pour transmettre des renseignements personnels.<\/p>\n<p>J&rsquo;utilise Antispam Bee pour prot\u00e9ger ce site contre les spams et intrusions : \u00ab\u00a0Nous r\u00e9coltons des informations sur les visiteurs qui commentent sur les sites utilisant Antispam Bee, notre service contre les ind\u00e9sirables. Ces informations r\u00e9colt\u00e9es d\u00e9pendent des r\u00e9glages Antispam Bee effectu\u00e9s par l\u2019utilisateur sur le site, et incluent g\u00e9n\u00e9ralement l\u2019adresse IP des commentateurs, l\u2019agent utilisateur, le r\u00e9f\u00e9rent et l\u2019URL du site (ainsi que d\u2019autres informations fournies directement par le commentateur comme leur nom, nom d\u2019utilisateur, adresse e-mail et leur commentaire).\u00a0\u00bb<\/p>\n<h3>Proc\u00e9dures mises en \u0153uvre en cas de fuite de donn\u00e9es<\/h3>\n<p>Je m&rsquo;engage, en cas de fuite de donn\u00e9es \u00e0 pr\u00e9venir tous les internautes et les instances de la CNIL, dans les 72 heures. Et de mettre tous les moyens en \u0153uvre pour corriger et redonner s\u00e9curit\u00e9 au site.<\/p>\n<h3>Les services tiers qui nous transmettent des donn\u00e9es<\/h3>\n<p>Je ne r\u00e9alise pas d&rsquo;op\u00e9rations de marketing automatis\u00e9 et\/ou de profilage r\u00e9alis\u00e9es \u00e0 l\u2019aide des donn\u00e9es personnelles ni d&rsquo;affichage des informations li\u00e9es aux secteurs soumis \u00e0 des r\u00e9gulations sp\u00e9cifiques.<\/p>\n","protected":false},"excerpt":{"rendered":"<p>Qui suis-je ? Je suis Magali Laguillaumie, auteure et r\u00e9dactrice Web. Il me semble important, quel que soit le site o\u00f9 nous naviguons que la [&hellip;]<\/p>\n","protected":false},"author":1,"featured_media":0,"parent":0,"menu_order":0,"comment_status":"closed","ping_status":"closed","template":"","meta":{"novablocks_hero_scroll_indicator":false,"novablocks_hero_position_indicators":false,"footnotes":""},"class_list":["post-1413","page","type-page","status-publish","hentry"],"_links":{"self":[{"href":"https:\/\/sensationslivres.com\/fr_fr\/wp-json\/wp\/v2\/pages\/1413","targetHints":{"allow":["GET"]}}],"collection":[{"href":"https:\/\/sensationslivres.com\/fr_fr\/wp-json\/wp\/v2\/pages"}],"about":[{"href":"https:\/\/sensationslivres.com\/fr_fr\/wp-json\/wp\/v2\/types\/page"}],"author":[{"embeddable":true,"href":"https:\/\/sensationslivres.com\/fr_fr\/wp-json\/wp\/v2\/users\/1"}],"replies":[{"embeddable":true,"href":"https:\/\/sensationslivres.com\/fr_fr\/wp-json\/wp\/v2\/comments?post=1413"}],"version-history":[{"count":2,"href":"https:\/\/sensationslivres.com\/fr_fr\/wp-json\/wp\/v2\/pages\/1413\/revisions"}],"predecessor-version":[{"id":13253,"href":"https:\/\/sensationslivres.com\/fr_fr\/wp-json\/wp\/v2\/pages\/1413\/revisions\/13253"}],"wp:attachment":[{"href":"https:\/\/sensationslivres.com\/fr_fr\/wp-json\/wp\/v2\/media?parent=1413"}],"curies":[{"name":"wp","href":"https:\/\/api.w.org\/{rel}","templated":true}]}}